{"id":439,"date":"2022-06-20T10:45:26","date_gmt":"2022-06-20T15:45:26","guid":{"rendered":"http:\/\/luna-ins.three.zysites.com\/about-us\/"},"modified":"2023-10-20T11:00:48","modified_gmt":"2023-10-20T16:00:48","slug":"about-us","status":"publish","type":"page","link":"https:\/\/www.lunains.agency\/es\/about-us\/","title":{"rendered":"Acerca de nosotros"},"content":{"rendered":"<h2>\u00bfPor qu\u00e9 elegir Luna Insurance Agency?<\/h2>\n<p>Luna Insurance Agency es su agencia comunitaria de seguros de autom\u00f3viles local. Eliminamos la molestia de comprar un seguro de autom\u00f3vil al brindar cotizaciones r\u00e1pidas, f\u00e1ciles y asequibles con la posibilidad de comprar cobertura el mismo d\u00eda si es necesario.<\/p>\n<p>Nuestra agencia en Fort Worth ofrece gran protecci\u00f3n para usted, su familia y sus autom\u00f3viles. Podemos personalizar una p\u00f3liza solo para usted.<\/p>\n<p>Obtenga una cotizaci\u00f3n de seguro en l\u00ednea precisa con nosotros ahora o ll\u00e1menos al (817) 744-8150 para hablar con uno de nuestros amables especialistas en seguros de autom\u00f3viles.<\/p>\n","protected":false},"excerpt":{"rendered":"<p>\u00bfPor qu\u00e9 elegir Luna Insurance Agency? Luna Insurance Agency es su agencia comunitaria de seguros de autom\u00f3viles local. Eliminamos la molestia de comprar un seguro de autom\u00f3vil al brindar cotizaciones r\u00e1pidas, f\u00e1ciles y asequibles con la posibilidad de comprar cobertura el mismo d\u00eda si es necesario. Nuestra agencia en Fort Worth ofrece gran protecci\u00f3n para [&hellip;]<\/p>\n","protected":false},"author":35,"featured_media":0,"parent":0,"menu_order":0,"comment_status":"closed","ping_status":"closed","template":"","meta":{"_acf_changed":false,"_seopress_robots_primary_cat":"0","_seopress_titles_title":"","_seopress_titles_desc":"","_seopress_robots_index":"","_analytify_skip_tracking":false,"footnotes":""},"class_list":["post-439","page","type-page","status-publish","hentry"],"acf":[],"_links":{"self":[{"href":"https:\/\/www.lunains.agency\/es\/wp-json\/wp\/v2\/pages\/439","targetHints":{"allow":["GET"]}}],"collection":[{"href":"https:\/\/www.lunains.agency\/es\/wp-json\/wp\/v2\/pages"}],"about":[{"href":"https:\/\/www.lunains.agency\/es\/wp-json\/wp\/v2\/types\/page"}],"author":[{"embeddable":true,"href":"https:\/\/www.lunains.agency\/es\/wp-json\/wp\/v2\/users\/35"}],"replies":[{"embeddable":true,"href":"https:\/\/www.lunains.agency\/es\/wp-json\/wp\/v2\/comments?post=439"}],"version-history":[{"count":0,"href":"https:\/\/www.lunains.agency\/es\/wp-json\/wp\/v2\/pages\/439\/revisions"}],"wp:attachment":[{"href":"https:\/\/www.lunains.agency\/es\/wp-json\/wp\/v2\/media?parent=439"}],"curies":[{"name":"wp","href":"https:\/\/api.w.org\/{rel}","templated":true}]}}